{"id":347,"date":"2024-10-02T08:30:18","date_gmt":"2024-10-02T08:30:18","guid":{"rendered":"https:\/\/revision.codesupply.co\/revision\/?page_id=347"},"modified":"2026-03-02T01:56:47","modified_gmt":"2026-03-02T01:56:47","slug":"sobre","status":"publish","type":"page","link":"https:\/\/curatedoptics.com\/pt\/about\/","title":{"rendered":"Sobre n\u00f3s"},"content":{"rendered":"<p><\/p>\n\n\n\n<p><\/p>\n\n\n\n<h1 class=\"wp-block-heading has-text-align-center is-style-cs-heading-gradient\" style=\"margin-bottom:64px;letter-spacing:-0.05em\">\u00c9 mais do que uma plataforma \u2014 \u00e9 uma perspectiva.<\/h1>\n\n\n\n<p>Curated Optics opera de forma totalmente independente, sem influ\u00eancia corporativa ou vi\u00e9s comercial. Esta independ\u00eancia permite-nos explorar, selecionar e apresentar marcas e ideias de \u00f3culos exclusivamente com base no seu valor cultural, est\u00e9tico e criativo, sem compromissos nem parcerias condicionadas.<\/p>\n\n\n\n<p>Fundada com a miss\u00e3o de redefinir a forma como os \u00f3culos s\u00e3o descobertos, experienciados e apreciados, a Curated Optics posiciona-se na interse\u00e7\u00e3o entre a cultura do design, a identidade visual e o artesanato de excel\u00eancia. Acreditamos que os \u00f3culos n\u00e3o s\u00e3o apenas um acess\u00f3rio, mas uma poderosa express\u00e3o de individualidade e vis\u00e3o, tanto literal como filos\u00f3fica.<\/p>\n\n\n\n<p>A nossa abordagem \u00e9 editorial, imersiva e altamente seletiva. Destacamos as marcas de \u00f3culos mais cativantes do mundo \u2014 desde ateliers com heran\u00e7a at\u00e9 inovadores que ultrapassam limites \u2014 atrav\u00e9s de storytelling, cole\u00e7\u00f5es cuidadosamente curadas e experi\u00eancias de retalho orientadas por conceito. Cada arma\u00e7\u00e3o apresentada na Curated Optics \u00e9 escolhida n\u00e3o apenas pelo seu valor est\u00e9tico, mas pela sua narrativa: como foi criada, porque \u00e9 relevante e para quem foi pensada.<\/p>\n\n\n\n<p>No centro da nossa miss\u00e3o est\u00e1 um profundo compromisso com a ind\u00fastria independente de \u00f3culos. Defendemos designers e criadores que priorizam a autenticidade em vez da produ\u00e7\u00e3o em massa, o artesanato em vez da conformidade e o prop\u00f3sito em vez do lucro. Ao amplificar vozes frequentemente ofuscadas por conglomerados, oferecemos ao nosso p\u00fablico acesso a pe\u00e7as raras e vision\u00e1rias que incorporam liberdade art\u00edstica e integridade. Este foco permite-nos construir uma ponte entre consumidores exigentes e as for\u00e7as criativas que moldam o futuro dos \u00f3culos nos seus pr\u00f3prios termos.<\/p>\n\n\n\n<p><\/p>","protected":false},"excerpt":{"rendered":"Isto \u00e9 mais do que uma plataforma - \u00e9 uma perspetiva. A Curated Optics funciona sem influ\u00eancias empresariais ou...","protected":false},"author":1,"featured_media":0,"parent":0,"menu_order":0,"comment_status":"closed","ping_status":"closed","template":"","meta":{"csco_singular_sidebar":"disabled","csco_page_header_type":"none","csco_page_load_nextpost":"","footnotes":""},"class_list":{"0":"post-347","1":"page","2":"type-page","3":"status-publish","5":"cs-entry"},"jetpack_sharing_enabled":true,"_links":{"self":[{"href":"https:\/\/curatedoptics.com\/pt\/wp-json\/wp\/v2\/pages\/347","targetHints":{"allow":["GET"]}}],"collection":[{"href":"https:\/\/curatedoptics.com\/pt\/wp-json\/wp\/v2\/pages"}],"about":[{"href":"https:\/\/curatedoptics.com\/pt\/wp-json\/wp\/v2\/types\/page"}],"author":[{"embeddable":true,"href":"https:\/\/curatedoptics.com\/pt\/wp-json\/wp\/v2\/users\/1"}],"replies":[{"embeddable":true,"href":"https:\/\/curatedoptics.com\/pt\/wp-json\/wp\/v2\/comments?post=347"}],"version-history":[{"count":18,"href":"https:\/\/curatedoptics.com\/pt\/wp-json\/wp\/v2\/pages\/347\/revisions"}],"predecessor-version":[{"id":3823,"href":"https:\/\/curatedoptics.com\/pt\/wp-json\/wp\/v2\/pages\/347\/revisions\/3823"}],"wp:attachment":[{"href":"https:\/\/curatedoptics.com\/pt\/wp-json\/wp\/v2\/media?parent=347"}],"curies":[{"name":"wp","href":"https:\/\/api.w.org\/{rel}","templated":true}]}}