{"id":347,"date":"2024-10-02T08:30:18","date_gmt":"2024-10-02T08:30:18","guid":{"rendered":"https:\/\/revision.codesupply.co\/revision\/?page_id=347"},"modified":"2026-03-02T01:56:47","modified_gmt":"2026-03-02T01:56:47","slug":"circa","status":"publish","type":"page","link":"https:\/\/curatedoptics.com\/it\/about\/","title":{"rendered":"Chi siamo"},"content":{"rendered":"<p><\/p>\n\n\n\n<p><\/p>\n\n\n\n<h1 class=\"wp-block-heading has-text-align-center is-style-cs-heading-gradient\" style=\"margin-bottom:64px;letter-spacing:-0.05em\">\u00c8 pi\u00f9 di una piattaforma \u2014 \u00e8 una prospettiva.<\/h1>\n\n\n\n<p>Curated Optics opera in totale indipendenza, senza influenze aziendali n\u00e9 bias commerciali. Questa libert\u00e0 ci consente di esplorare, selezionare e presentare brand e idee di eyewear esclusivamente in base al loro valore culturale, estetico e creativo, senza compromessi n\u00e9 partnership condizionate.<\/p>\n\n\n\n<p>Fondata con la missione di ridefinire il modo in cui l\u2019eyewear viene scoperto, vissuto e apprezzato, Curated Optics si colloca all\u2019intersezione tra cultura del design, identit\u00e0 visiva e artigianalit\u00e0 d\u2019eccellenza. Crediamo che gli occhiali non siano semplicemente un accessorio, ma una potente espressione di individualit\u00e0 e visione, sia in senso letterale che filosofico.<\/p>\n\n\n\n<p>Il nostro approccio \u00e8 editoriale, immersivo e altamente selettivo. Mettiamo in luce i brand di eyewear pi\u00f9 interessanti al mondo \u2014 dagli atelier storici agli innovatori che superano i confini \u2014 attraverso storytelling, collezioni curate ed esperienze retail guidate dal concept. Ogni montatura presentata su Curated Optics \u00e8 scelta non solo per il suo valore estetico, ma per la sua narrazione: come \u00e8 stata realizzata, perch\u00e9 \u00e8 importante e a chi \u00e8 destinata.<\/p>\n\n\n\n<p>Al centro della nostra missione vi \u00e8 un profondo impegno verso l\u2019industria indipendente dell\u2019eyewear. Sosteniamo designer e artigiani che privilegiano l\u2019autenticit\u00e0 rispetto alla produzione di massa, la maestria artigianale rispetto alla conformit\u00e0 e il significato rispetto al profitto. Amplificando voci spesso oscurate dai conglomerati, offriamo al nostro pubblico accesso a pezzi rari e visionari che incarnano libert\u00e0 artistica e integrit\u00e0. Questo approccio ci consente di creare un ponte tra consumatori esigenti e le forze creative che stanno plasmando il futuro dell\u2019eyewear secondo le proprie regole.<\/p>\n\n\n\n<p><\/p>","protected":false},"excerpt":{"rendered":"Questa \u00e8 pi\u00f9 di una piattaforma: \u00e8 una prospettiva. Curated Optics opera senza influenze aziendali o...","protected":false},"author":1,"featured_media":0,"parent":0,"menu_order":0,"comment_status":"closed","ping_status":"closed","template":"","meta":{"csco_singular_sidebar":"disabled","csco_page_header_type":"none","csco_page_load_nextpost":"","footnotes":""},"class_list":{"0":"post-347","1":"page","2":"type-page","3":"status-publish","5":"cs-entry"},"jetpack_sharing_enabled":true,"_links":{"self":[{"href":"https:\/\/curatedoptics.com\/it\/wp-json\/wp\/v2\/pages\/347","targetHints":{"allow":["GET"]}}],"collection":[{"href":"https:\/\/curatedoptics.com\/it\/wp-json\/wp\/v2\/pages"}],"about":[{"href":"https:\/\/curatedoptics.com\/it\/wp-json\/wp\/v2\/types\/page"}],"author":[{"embeddable":true,"href":"https:\/\/curatedoptics.com\/it\/wp-json\/wp\/v2\/users\/1"}],"replies":[{"embeddable":true,"href":"https:\/\/curatedoptics.com\/it\/wp-json\/wp\/v2\/comments?post=347"}],"version-history":[{"count":18,"href":"https:\/\/curatedoptics.com\/it\/wp-json\/wp\/v2\/pages\/347\/revisions"}],"predecessor-version":[{"id":3823,"href":"https:\/\/curatedoptics.com\/it\/wp-json\/wp\/v2\/pages\/347\/revisions\/3823"}],"wp:attachment":[{"href":"https:\/\/curatedoptics.com\/it\/wp-json\/wp\/v2\/media?parent=347"}],"curies":[{"name":"wp","href":"https:\/\/api.w.org\/{rel}","templated":true}]}}