{"id":347,"date":"2024-10-02T08:30:18","date_gmt":"2024-10-02T08:30:18","guid":{"rendered":"https:\/\/revision.codesupply.co\/revision\/?page_id=347"},"modified":"2026-03-02T01:56:47","modified_gmt":"2026-03-02T01:56:47","slug":"a-propos-de","status":"publish","type":"page","link":"https:\/\/curatedoptics.com\/fr\/about\/","title":{"rendered":"\u00c0 propos"},"content":{"rendered":"<p><\/p>\n\n\n\n<p><\/p>\n\n\n\n<h1 class=\"wp-block-heading has-text-align-center is-style-cs-heading-gradient\" style=\"margin-bottom:64px;letter-spacing:-0.05em\">C\u2019est plus qu\u2019une plateforme \u2014 c\u2019est une perspective.<\/h1>\n\n\n\n<p>Curated Optics fonctionne en toute ind\u00e9pendance, sans influence corporative ni parti pris commercial. Cette libert\u00e9 nous permet d\u2019explorer, de s\u00e9lectionner et de pr\u00e9senter des marques et des id\u00e9es de lunetterie uniquement sur la base de leur valeur culturelle, esth\u00e9tique et cr\u00e9ative, sans compromis ni partenariats conditionnels.<\/p>\n\n\n\n<p>Fond\u00e9 avec la mission de red\u00e9finir la mani\u00e8re dont la lunetterie est d\u00e9couverte, v\u00e9cue et appr\u00e9ci\u00e9e, Curated Optics se situe \u00e0 l\u2019intersection de la culture du design, de l\u2019identit\u00e9 visuelle et d\u2019un artisanat d\u2019exception. Nous croyons que les lunettes ne sont pas un simple accessoire, mais une puissante expression de l\u2019individualit\u00e9 et de la vision, \u00e0 la fois litt\u00e9rale et philosophique.<\/p>\n\n\n\n<p>Notre approche est \u00e9ditoriale, immersive et hautement s\u00e9lective. Nous mettons en lumi\u00e8re les marques de lunetterie les plus captivantes au monde \u2014 des ateliers patrimoniaux aux innovateurs qui repoussent les limites \u2014 \u00e0 travers le storytelling, des collections soigneusement s\u00e9lectionn\u00e9es et des exp\u00e9riences retail guid\u00e9es par le concept. Chaque monture pr\u00e9sent\u00e9e sur Curated Optics est choisie non seulement pour sa valeur esth\u00e9tique, mais aussi pour son r\u00e9cit : comment elle a \u00e9t\u00e9 con\u00e7ue, pourquoi elle compte et pour qui elle a \u00e9t\u00e9 cr\u00e9\u00e9e.<\/p>\n\n\n\n<p>Au c\u0153ur de notre mission se trouve un engagement profond envers l\u2019industrie ind\u00e9pendante de la lunetterie. Nous soutenons les designers et les cr\u00e9ateurs qui privil\u00e9gient l\u2019authenticit\u00e9 \u00e0 la production de masse, le savoir-faire \u00e0 la conformit\u00e9 et le sens au profit. En amplifiant des voix souvent \u00e9clips\u00e9es par les conglom\u00e9rats, nous offrons \u00e0 notre audience un acc\u00e8s \u00e0 des pi\u00e8ces rares et visionnaires, incarnant la libert\u00e9 artistique et l\u2019int\u00e9grit\u00e9. Cette approche nous permet de cr\u00e9er un pont entre des consommateurs exigeants et les forces cr\u00e9atives qui fa\u00e7onnent l\u2019avenir de la lunetterie selon leurs propres r\u00e8gles.<\/p>\n\n\n\n<p><\/p>","protected":false},"excerpt":{"rendered":"C'est plus qu'une plateforme, c'est une perspective. Curated Optics fonctionne sans l'influence d'une entreprise ou d'un...","protected":false},"author":1,"featured_media":0,"parent":0,"menu_order":0,"comment_status":"closed","ping_status":"closed","template":"","meta":{"csco_singular_sidebar":"disabled","csco_page_header_type":"none","csco_page_load_nextpost":"","footnotes":""},"class_list":{"0":"post-347","1":"page","2":"type-page","3":"status-publish","5":"cs-entry"},"jetpack_sharing_enabled":true,"_links":{"self":[{"href":"https:\/\/curatedoptics.com\/fr\/wp-json\/wp\/v2\/pages\/347","targetHints":{"allow":["GET"]}}],"collection":[{"href":"https:\/\/curatedoptics.com\/fr\/wp-json\/wp\/v2\/pages"}],"about":[{"href":"https:\/\/curatedoptics.com\/fr\/wp-json\/wp\/v2\/types\/page"}],"author":[{"embeddable":true,"href":"https:\/\/curatedoptics.com\/fr\/wp-json\/wp\/v2\/users\/1"}],"replies":[{"embeddable":true,"href":"https:\/\/curatedoptics.com\/fr\/wp-json\/wp\/v2\/comments?post=347"}],"version-history":[{"count":18,"href":"https:\/\/curatedoptics.com\/fr\/wp-json\/wp\/v2\/pages\/347\/revisions"}],"predecessor-version":[{"id":3823,"href":"https:\/\/curatedoptics.com\/fr\/wp-json\/wp\/v2\/pages\/347\/revisions\/3823"}],"wp:attachment":[{"href":"https:\/\/curatedoptics.com\/fr\/wp-json\/wp\/v2\/media?parent=347"}],"curies":[{"name":"wp","href":"https:\/\/api.w.org\/{rel}","templated":true}]}}