{"id":137,"date":"2024-09-27T07:10:19","date_gmt":"2024-09-27T07:10:19","guid":{"rendered":"https:\/\/revision.codesupply.co\/revision\/?page_id=137"},"modified":"2025-08-03T19:25:54","modified_gmt":"2025-08-03T19:25:54","slug":"contacts","status":"publish","type":"page","link":"https:\/\/curatedoptics.com\/fr\/contacts\/","title":{"rendered":"Contact"},"content":{"rendered":"<div class=\"wp-block-group is-style-cs-contact-form is-layout-constrained wp-container-core-group-is-layout-21deba94 wp-block-group-is-layout-constrained\"><\/div>\n\n\n\n<div class=\"wp-block-group is-layout-constrained wp-container-core-group-is-layout-344d6f9e wp-block-group-is-layout-constrained\"><\/div>\n\n\n\n<p><\/p>\n\n\n\n<div class=\"wp-block-group is-layout-constrained wp-container-core-group-is-layout-344d6f9e wp-block-group-is-layout-constrained\">\n<h3 class=\"wp-block-heading has-text-align-center\" style=\"margin-top:0px;margin-right:0px;margin-bottom:0px;margin-left:0px\"><br>Envie de partager quelque chose ?<\/h3>\n<\/div>\n\n\n\n<p><\/p>\n\n\n\n<div class=\"wp-block-group is-layout-constrained wp-container-core-group-is-layout-344d6f9e wp-block-group-is-layout-constrained\">\n<p class=\"has-text-align-center has-secondary-color has-text-color has-link-color wp-elements-08436d4dd309613c2aa81c45c648238d\" style=\"margin-top:10px;font-size:16px;line-height:1.55\">Qu\u2019il s\u2019agisse d\u2019analyses du secteur, d\u2019un nouveau lancement, d\u2019une actualit\u00e9 passionnante dans l\u2019univers de la lunetterie ou simplement d\u2019un aper\u00e7u de votre boutique soigneusement s\u00e9lectionn\u00e9e \u2014 \u00e9crivez-nous \u00e0&nbsp;<strong>hello@curatedoptics.com<\/strong>.<\/p>\n\n\n\n<p class=\"has-text-align-center has-secondary-color has-text-color has-link-color wp-elements-8e284620492fb4e98753324cbee076ef\" style=\"margin-top:10px;font-size:16px;line-height:1.55\">Notre \u00e9quipe examine chaque message avec attention, m\u00eame si nous ne pouvons pas garantir une r\u00e9ponse \u00e0 chacun d\u2019entre eux. Nous appr\u00e9cions profond\u00e9ment chaque histoire, chaque information et chaque connexion que vous partagez avec nous.<\/p>\n<\/div>\n\n\n\n<p><\/p>","protected":false},"excerpt":{"rendered":"Vous souhaitez partager quelque chose ? Qu'il s'agisse d'un aper\u00e7u de l'industrie, d'une nouvelle version, d'une information passionnante sur les lunettes ou...","protected":false},"author":1,"featured_media":0,"parent":0,"menu_order":0,"comment_status":"closed","ping_status":"closed","template":"","meta":{"csco_singular_sidebar":"disabled","csco_page_header_type":"none","csco_page_load_nextpost":"","footnotes":""},"class_list":{"0":"post-137","1":"page","2":"type-page","3":"status-publish","5":"cs-entry"},"jetpack_sharing_enabled":true,"_links":{"self":[{"href":"https:\/\/curatedoptics.com\/fr\/wp-json\/wp\/v2\/pages\/137","targetHints":{"allow":["GET"]}}],"collection":[{"href":"https:\/\/curatedoptics.com\/fr\/wp-json\/wp\/v2\/pages"}],"about":[{"href":"https:\/\/curatedoptics.com\/fr\/wp-json\/wp\/v2\/types\/page"}],"author":[{"embeddable":true,"href":"https:\/\/curatedoptics.com\/fr\/wp-json\/wp\/v2\/users\/1"}],"replies":[{"embeddable":true,"href":"https:\/\/curatedoptics.com\/fr\/wp-json\/wp\/v2\/comments?post=137"}],"version-history":[{"count":5,"href":"https:\/\/curatedoptics.com\/fr\/wp-json\/wp\/v2\/pages\/137\/revisions"}],"predecessor-version":[{"id":1287,"href":"https:\/\/curatedoptics.com\/fr\/wp-json\/wp\/v2\/pages\/137\/revisions\/1287"}],"wp:attachment":[{"href":"https:\/\/curatedoptics.com\/fr\/wp-json\/wp\/v2\/media?parent=137"}],"curies":[{"name":"wp","href":"https:\/\/api.w.org\/{rel}","templated":true}]}}