{"id":347,"date":"2024-10-02T08:30:18","date_gmt":"2024-10-02T08:30:18","guid":{"rendered":"https:\/\/revision.codesupply.co\/revision\/?page_id=347"},"modified":"2026-03-02T01:56:47","modified_gmt":"2026-03-02T01:56:47","slug":"acerca-de","status":"publish","type":"page","link":"https:\/\/curatedoptics.com\/es\/about\/","title":{"rendered":"Sobre nosotros"},"content":{"rendered":"<p><\/p>\n\n\n\n<p><\/p>\n\n\n\n<h1 class=\"wp-block-heading has-text-align-center is-style-cs-heading-gradient\" style=\"margin-bottom:64px;letter-spacing:-0.05em\">Es m\u00e1s que una plataforma \u2014 es una perspectiva.<\/h1>\n\n\n\n<p>Curated Optics opera con total independencia, sin influencia corporativa ni sesgo comercial. Esta independencia nos permite explorar, seleccionar y presentar marcas e ideas de gafas \u00fanicamente en funci\u00f3n de su valor cultural, est\u00e9tico y creativo, sin compromisos ni asociaciones condicionadas.<\/p>\n\n\n\n<p>Fundada con la misi\u00f3n de redefinir la forma en que las gafas se descubren, se experimentan y se valoran, Curated Optics se sit\u00faa en la intersecci\u00f3n entre la cultura del dise\u00f1o, la identidad visual y la artesan\u00eda elevada. Creemos que las gafas no son solo un accesorio, sino una poderosa expresi\u00f3n de individualidad y visi\u00f3n, tanto literal como filos\u00f3fica.<\/p>\n\n\n\n<p>Nuestro enfoque es editorial, inmersivo y altamente selectivo. Destacamos las marcas de gafas m\u00e1s atractivas del mundo \u2014 desde talleres con herencia hasta innovadores que desaf\u00edan los l\u00edmites \u2014 a trav\u00e9s del storytelling, colecciones cuidadosamente seleccionadas y experiencias retail impulsadas por el concepto. Cada montura presentada en Curated Optics se elige no solo por su valor est\u00e9tico, sino por su narrativa: c\u00f3mo fue creada, por qu\u00e9 importa y para qui\u00e9n fue dise\u00f1ada.<\/p>\n\n\n\n<p>En el coraz\u00f3n de nuestra misi\u00f3n se encuentra un profundo compromiso con la industria independiente de las gafas. Apoyamos a dise\u00f1adores y creadores que priorizan la autenticidad sobre la producci\u00f3n en masa, la artesan\u00eda sobre la conformidad y el prop\u00f3sito sobre el beneficio. Al amplificar voces a menudo eclipsadas por conglomerados, ofrecemos a nuestra audiencia acceso a piezas raras y visionarias que encarnan la libertad art\u00edstica y la integridad. Este enfoque nos permite tender un puente entre consumidores exigentes y las fuerzas creativas que est\u00e1n dando forma al futuro de las gafas en sus propios t\u00e9rminos.<\/p>\n\n\n\n<p><\/p>","protected":false},"excerpt":{"rendered":"M\u00e1s que una plataforma, es una perspectiva. Curated Optics opera libre de influencias corporativas o...","protected":false},"author":1,"featured_media":0,"parent":0,"menu_order":0,"comment_status":"closed","ping_status":"closed","template":"","meta":{"csco_singular_sidebar":"disabled","csco_page_header_type":"none","csco_page_load_nextpost":"","footnotes":""},"class_list":{"0":"post-347","1":"page","2":"type-page","3":"status-publish","5":"cs-entry"},"jetpack_sharing_enabled":true,"_links":{"self":[{"href":"https:\/\/curatedoptics.com\/es\/wp-json\/wp\/v2\/pages\/347","targetHints":{"allow":["GET"]}}],"collection":[{"href":"https:\/\/curatedoptics.com\/es\/wp-json\/wp\/v2\/pages"}],"about":[{"href":"https:\/\/curatedoptics.com\/es\/wp-json\/wp\/v2\/types\/page"}],"author":[{"embeddable":true,"href":"https:\/\/curatedoptics.com\/es\/wp-json\/wp\/v2\/users\/1"}],"replies":[{"embeddable":true,"href":"https:\/\/curatedoptics.com\/es\/wp-json\/wp\/v2\/comments?post=347"}],"version-history":[{"count":18,"href":"https:\/\/curatedoptics.com\/es\/wp-json\/wp\/v2\/pages\/347\/revisions"}],"predecessor-version":[{"id":3823,"href":"https:\/\/curatedoptics.com\/es\/wp-json\/wp\/v2\/pages\/347\/revisions\/3823"}],"wp:attachment":[{"href":"https:\/\/curatedoptics.com\/es\/wp-json\/wp\/v2\/media?parent=347"}],"curies":[{"name":"wp","href":"https:\/\/api.w.org\/{rel}","templated":true}]}}