{"id":347,"date":"2024-10-02T08:30:18","date_gmt":"2024-10-02T08:30:18","guid":{"rendered":"https:\/\/revision.codesupply.co\/revision\/?page_id=347"},"modified":"2026-03-02T01:56:47","modified_gmt":"2026-03-02T01:56:47","slug":"uber","status":"publish","type":"page","link":"https:\/\/curatedoptics.com\/de\/about\/","title":{"rendered":"\u00dcber uns"},"content":{"rendered":"<p><\/p>\n\n\n\n<p><\/p>\n\n\n\n<h1 class=\"wp-block-heading has-text-align-center is-style-cs-heading-gradient\" style=\"margin-bottom:64px;letter-spacing:-0.05em\">Es ist mehr als eine Plattform \u2014 es ist eine Perspektive.<\/h1>\n\n\n\n<p>Curated Optics agiert frei von unternehmerischem Einfluss oder kommerzieller Voreingenommenheit. Diese Unabh\u00e4ngigkeit erm\u00f6glicht es uns, Brillenmarken und -ideen ausschlie\u00dflich auf Grundlage ihres kulturellen, \u00e4sthetischen und kreativen Werts zu erkunden, auszuw\u00e4hlen und zu pr\u00e4sentieren \u2014 ohne Kompromisse oder bedingte Partnerschaften.<\/p>\n\n\n\n<p>Gegr\u00fcndet mit der Mission, neu zu definieren, wie Brillen entdeckt, erlebt und gesch\u00e4tzt werden, steht Curated Optics an der Schnittstelle von Designkultur, visueller Identit\u00e4t und gehobener Handwerkskunst. Wir glauben, dass Brillen nicht nur ein Accessoire sind, sondern ein kraftvoller Ausdruck von Individualit\u00e4t und Vision \u2014 sowohl im w\u00f6rtlichen als auch im philosophischen Sinne.<\/p>\n\n\n\n<p>Unser Ansatz ist redaktionell, immersiv und hochselektiv. Wir r\u00fccken die faszinierendsten Brillenmarken der Welt ins Rampenlicht \u2014 von traditionsreichen Ateliers bis hin zu innovativen Grenzg\u00e4ngern \u2014 durch Storytelling, kuratierte Kollektionen und konzeptgetriebene Retail-Erlebnisse. Jede auf Curated Optics pr\u00e4sentierte Fassung wird nicht nur aufgrund ihres \u00e4sthetischen Werts ausgew\u00e4hlt, sondern auch wegen ihrer Geschichte: wie sie gefertigt wurde, warum sie relevant ist und f\u00fcr wen sie geschaffen wurde.<\/p>\n\n\n\n<p>Im Zentrum unserer Mission steht ein tiefes Engagement f\u00fcr die unabh\u00e4ngige Brillenindustrie. Wir f\u00f6rdern Designer und Hersteller, die Authentizit\u00e4t \u00fcber Massenproduktion, Handwerkskunst \u00fcber Konformit\u00e4t und Sinnhaftigkeit \u00fcber Profit stellen. Indem wir Stimmen verst\u00e4rken, die oft von Konzernen \u00fcberlagert werden, bieten wir unserem Publikum Zugang zu seltenen, vision\u00e4ren St\u00fccken, die k\u00fcnstlerische Freiheit und Integrit\u00e4t verk\u00f6rpern. Dieser Fokus erm\u00f6glicht es uns, eine Br\u00fccke zwischen anspruchsvollen Konsumenten und den kreativen Kr\u00e4ften zu schlagen, die die Zukunft der Brillenwelt nach ihren eigenen Vorstellungen gestalten.<\/p>\n\n\n\n<p><\/p>","protected":false},"excerpt":{"rendered":"Dies ist mehr als eine Plattform - es ist eine Perspektive. Curated Optics arbeitet frei von Unternehmenseinfl\u00fcssen oder...","protected":false},"author":1,"featured_media":0,"parent":0,"menu_order":0,"comment_status":"closed","ping_status":"closed","template":"","meta":{"csco_singular_sidebar":"disabled","csco_page_header_type":"none","csco_page_load_nextpost":"","footnotes":""},"class_list":{"0":"post-347","1":"page","2":"type-page","3":"status-publish","5":"cs-entry"},"jetpack_sharing_enabled":true,"_links":{"self":[{"href":"https:\/\/curatedoptics.com\/de\/wp-json\/wp\/v2\/pages\/347","targetHints":{"allow":["GET"]}}],"collection":[{"href":"https:\/\/curatedoptics.com\/de\/wp-json\/wp\/v2\/pages"}],"about":[{"href":"https:\/\/curatedoptics.com\/de\/wp-json\/wp\/v2\/types\/page"}],"author":[{"embeddable":true,"href":"https:\/\/curatedoptics.com\/de\/wp-json\/wp\/v2\/users\/1"}],"replies":[{"embeddable":true,"href":"https:\/\/curatedoptics.com\/de\/wp-json\/wp\/v2\/comments?post=347"}],"version-history":[{"count":18,"href":"https:\/\/curatedoptics.com\/de\/wp-json\/wp\/v2\/pages\/347\/revisions"}],"predecessor-version":[{"id":3823,"href":"https:\/\/curatedoptics.com\/de\/wp-json\/wp\/v2\/pages\/347\/revisions\/3823"}],"wp:attachment":[{"href":"https:\/\/curatedoptics.com\/de\/wp-json\/wp\/v2\/media?parent=347"}],"curies":[{"name":"wp","href":"https:\/\/api.w.org\/{rel}","templated":true}]}}