{"id":137,"date":"2024-09-27T07:10:19","date_gmt":"2024-09-27T07:10:19","guid":{"rendered":"https:\/\/revision.codesupply.co\/revision\/?page_id=137"},"modified":"2025-08-03T19:25:54","modified_gmt":"2025-08-03T19:25:54","slug":"kontakte","status":"publish","type":"page","link":"https:\/\/curatedoptics.com\/de\/contacts\/","title":{"rendered":"Kontakt"},"content":{"rendered":"<div class=\"wp-block-group is-style-cs-contact-form is-layout-constrained wp-container-core-group-is-layout-21deba94 wp-block-group-is-layout-constrained\"><\/div>\n\n\n\n<div class=\"wp-block-group is-layout-constrained wp-container-core-group-is-layout-344d6f9e wp-block-group-is-layout-constrained\"><\/div>\n\n\n\n<p><\/p>\n\n\n\n<div class=\"wp-block-group is-layout-constrained wp-container-core-group-is-layout-344d6f9e wp-block-group-is-layout-constrained\">\n<h3 class=\"wp-block-heading has-text-align-center\" style=\"margin-top:0px;margin-right:0px;margin-bottom:0px;margin-left:0px\"><br>M\u00f6chten Sie etwas teilen?<\/h3>\n<\/div>\n\n\n\n<p><\/p>\n\n\n\n<div class=\"wp-block-group is-layout-constrained wp-container-core-group-is-layout-344d6f9e wp-block-group-is-layout-constrained\">\n<p class=\"has-text-align-center has-secondary-color has-text-color has-link-color wp-elements-08436d4dd309613c2aa81c45c648238d\" style=\"margin-top:10px;font-size:16px;line-height:1.55\">Ob Branchen-Insights, eine Neuerscheinung, spannende Neuigkeiten aus der Welt der Brillen oder einfach ein Einblick in Ihr sorgf\u00e4ltig kuratiertes Gesch\u00e4ft \u2014 schreiben Sie uns an&nbsp;<strong>hello@curatedoptics.com<\/strong>.<\/p>\n\n\n\n<p class=\"has-text-align-center has-secondary-color has-text-color has-link-color wp-elements-8e284620492fb4e98753324cbee076ef\" style=\"margin-top:10px;font-size:16px;line-height:1.55\">Unser Team pr\u00fcft jede Nachricht sorgf\u00e4ltig, auch wenn wir nicht garantieren k\u00f6nnen, auf jede einzelne zu antworten. Dennoch sch\u00e4tzen wir jede Geschichte, jeden Hinweis und jede Verbindung, die Sie mit uns teilen, sehr.<\/p>\n<\/div>\n\n\n\n<p><\/p>","protected":false},"excerpt":{"rendered":"M\u00f6chten Sie etwas mitteilen? Egal, ob es sich um Einblicke in die Branche, eine Neuerscheinung, eine aufregende Neuigkeit \u00fcber Brillen oder...","protected":false},"author":1,"featured_media":0,"parent":0,"menu_order":0,"comment_status":"closed","ping_status":"closed","template":"","meta":{"csco_singular_sidebar":"disabled","csco_page_header_type":"none","csco_page_load_nextpost":"","footnotes":""},"class_list":{"0":"post-137","1":"page","2":"type-page","3":"status-publish","5":"cs-entry"},"jetpack_sharing_enabled":true,"_links":{"self":[{"href":"https:\/\/curatedoptics.com\/de\/wp-json\/wp\/v2\/pages\/137","targetHints":{"allow":["GET"]}}],"collection":[{"href":"https:\/\/curatedoptics.com\/de\/wp-json\/wp\/v2\/pages"}],"about":[{"href":"https:\/\/curatedoptics.com\/de\/wp-json\/wp\/v2\/types\/page"}],"author":[{"embeddable":true,"href":"https:\/\/curatedoptics.com\/de\/wp-json\/wp\/v2\/users\/1"}],"replies":[{"embeddable":true,"href":"https:\/\/curatedoptics.com\/de\/wp-json\/wp\/v2\/comments?post=137"}],"version-history":[{"count":5,"href":"https:\/\/curatedoptics.com\/de\/wp-json\/wp\/v2\/pages\/137\/revisions"}],"predecessor-version":[{"id":1287,"href":"https:\/\/curatedoptics.com\/de\/wp-json\/wp\/v2\/pages\/137\/revisions\/1287"}],"wp:attachment":[{"href":"https:\/\/curatedoptics.com\/de\/wp-json\/wp\/v2\/media?parent=137"}],"curies":[{"name":"wp","href":"https:\/\/api.w.org\/{rel}","templated":true}]}}